{"id":96,"date":"2014-10-20T19:38:40","date_gmt":"2014-10-20T17:38:40","guid":{"rendered":"http:\/\/gasthaus-hansi.at\/wp\/?page_id=96"},"modified":"2025-10-01T09:36:38","modified_gmt":"2025-10-01T07:36:38","slug":"breitenlee-buffet","status":"publish","type":"page","link":"https:\/\/gasthaus-hansi.at\/?page_id=96","title":{"rendered":"Mittagsmen\u00fc"},"content":{"rendered":"<p style=\"text-align: center;\"><a href=\"https:\/\/gasthaus-hansi.at\/?page_id=96#spezialkarte\">Beachten Sie auch unsere Spezialkarten weiter unten !<\/a><\/p>\n\n<h2 class=\"has-text-align-center\">Mittagsmen\u00fc<\/h2>\n<div class=\"_df_book df-lite\" id=\"df_2828\"  _slug=\"2828\" data-title=\"mittagsmenukarte\" wpoptions=\"true\" thumbtype=\"\" ><\/div><script class=\"df-shortcode-script\" nowprocket type=\"application\/javascript\">window.option_df_2828 = {\"webgl\":\"false\",\"outline\":[],\"backgroundColor\":\"ffffff\",\"hard\":\"all\",\"autoEnableOutline\":\"false\",\"autoEnableThumbnail\":\"false\",\"overwritePDFOutline\":\"false\",\"direction\":\"1\",\"pageSize\":\"0\",\"pageMode\":\"1\",\"singlePageMode\":\"0\",\"controlsPosition\":\"hide\",\"source\":\"https:\\\/\\\/gasthaus-hansi.at\\\/wp\\\/wp-content\\\/uploads\\\/mittagsbuffet_breitenlee.pdf\",\"wpOptions\":\"true\"}; if(window.DFLIP && window.DFLIP.parseBooks){window.DFLIP.parseBooks();}<\/script>\n<p style=\"text-align: center;\">\u00c4nderungen vorbehalten !<\/p>\n<p style=\"text-align: center;\"><a title=\"Download Mittagsmenukarte als PDF\" href=\"\/wp\/wp-content\/uploads\/mittagsbuffet_breitenlee.pdf\" target=\"_blank\" rel=\"noopener\">Download Mittagsmenukarte als PDF<\/a><\/p>\n\n<div class=\"wp-block-spacer\" style=\"height: 47px;\" aria-hidden=\"true\"><\/div>\n<h2 id=\"spezialkarte\" class=\"has-text-align-center\">Spezialkarte<\/h2>\n<div class=\"_df_book df-lite\" id=\"df_2831\"  _slug=\"spezialkarte\" data-title=\"spezialkarte\" wpoptions=\"true\" thumbtype=\"\" ><\/div><script class=\"df-shortcode-script\" nowprocket type=\"application\/javascript\">window.option_df_2831 = {\"webgl\":\"false\",\"outline\":[],\"backgroundColor\":\"ffffff\",\"hard\":\"all\",\"autoEnableOutline\":\"false\",\"autoEnableThumbnail\":\"false\",\"overwritePDFOutline\":\"false\",\"direction\":\"1\",\"pageSize\":\"0\",\"pageMode\":\"1\",\"singlePageMode\":\"0\",\"controlsPosition\":\"hide\",\"source\":\"https:\\\/\\\/gasthaus-hansi.at\\\/wp\\\/wp-content\\\/uploads\\\/spezialkarte_breitenlee.pdf\",\"wpOptions\":\"true\"}; if(window.DFLIP && window.DFLIP.parseBooks){window.DFLIP.parseBooks();}<\/script>\n<p style=\"text-align: center;\">\u00c4nderungen vorbehalten !<\/p>\n<p style=\"text-align: center;\"><a title=\"Download Spezialkarte als PDF\" href=\"\/wp\/wp-content\/uploads\/spezialkarte_breitenlee.pdf\" target=\"_blank\" rel=\"noopener\">Download Spezialkarte als PDF<\/a><\/p>\n\n<div class=\"wp-block-spacer\" style=\"height: 47px;\" aria-hidden=\"true\"><\/div>\n<h2 id=\"wochenschmankerl\" class=\"has-text-align-center\">Wochenschmankerl<\/h2>\n<div class=\"_df_book df-lite\" id=\"df_3140\"  _slug=\"wochenschmankerl\" data-title=\"wochenschmankerl\" wpoptions=\"true\" thumbtype=\"\" ><\/div><script class=\"df-shortcode-script\" nowprocket type=\"application\/javascript\">window.option_df_3140 = {\"webgl\":\"false\",\"outline\":[],\"backgroundColor\":\"ffffff\",\"hard\":\"all\",\"autoEnableOutline\":\"false\",\"autoEnableThumbnail\":\"false\",\"overwritePDFOutline\":\"false\",\"direction\":\"1\",\"pageSize\":\"0\",\"pageMode\":\"1\",\"singlePageMode\":\"0\",\"controlsPosition\":\"hide\",\"source\":\"https:\\\/\\\/gasthaus-hansi.at\\\/wp\\\/wp-content\\\/uploads\\\/Wochenschmankerl.pdf\",\"wpOptions\":\"true\"}; if(window.DFLIP && window.DFLIP.parseBooks){window.DFLIP.parseBooks();}<\/script>\n<p style=\"text-align: center;\">\u00c4nderungen vorbehalten !<\/p>\n<p style=\"text-align: center;\"><a href=\"https:\/\/gasthaus-hansi.at\/wp\/wp-content\/uploads\/Wochenschmankerl.pdf\" target=\"_blank\" rel=\"noopener\">Download Wochenschmankerl als PDF<\/a><\/p>\n\n<div class=\"wp-block-spacer\" style=\"height: 47px;\" aria-hidden=\"true\"><\/div>\n<h2 id=\"cordon-bleu-mix\" class=\"has-text-align-center\">Cordon Bleu Mix<\/h2>\n<div class=\"_df_book df-lite\" id=\"df_3142\"  _slug=\"cordon-bleu\" data-title=\"cordon-bleu\" wpoptions=\"true\" thumbtype=\"\" ><\/div><script class=\"df-shortcode-script\" nowprocket type=\"application\/javascript\">window.option_df_3142 = {\"webgl\":\"false\",\"outline\":[],\"backgroundColor\":\"ffffff\",\"duration\":\"1000\",\"hard\":\"all\",\"autoEnableOutline\":\"false\",\"autoEnableThumbnail\":\"false\",\"overwritePDFOutline\":\"false\",\"direction\":\"1\",\"pageSize\":\"0\",\"pageMode\":\"1\",\"singlePageMode\":\"0\",\"controlsPosition\":\"hide\",\"source\":\"https:\\\/\\\/gasthaus-hansi.at\\\/wp\\\/wp-content\\\/uploads\\\/Cordon-Bleu.pdf\",\"wpOptions\":\"true\"}; if(window.DFLIP && window.DFLIP.parseBooks){window.DFLIP.parseBooks();}<\/script>\n<p style=\"text-align: center;\">\u00c4nderungen vorbehalten !<\/p>\n<p style=\"text-align: center;\"><a href=\"https:\/\/gasthaus-hansi.at\/wp\/wp-content\/uploads\/Cordon-Bleu.pdf\" target=\"_blank\" rel=\"noopener\">Download Cordon Bleu Mix als PDF<\/a><\/p>\n\n\n<!-- \/wp:post-content -->\n\n<!-- wp:paragraph -->\n\n<!-- \/wp:paragraph -->\n\n<!-- wp:paragraph -->\n\n<!-- \/wp:paragraph -->","protected":false},"excerpt":{"rendered":"<p>Beachten Sie auch unsere Spezialkarten weiter unten ! Mittagsmen\u00fc \u00c4nderungen vorbehalten ! Download Mittagsmenukarte als PDF Spezialkarte \u00c4nderungen vorbehalten ! Download Spezialkarte als PDF Wochenschmankerl \u00c4nderungen vorbehalten ! Download Wochenschmankerl als PDF Cordon Bleu Mix \u00c4nderungen vorbehalten ! Download Cordon Bleu Mix als PDF<\/p>\n","protected":false},"author":1,"featured_media":0,"parent":0,"menu_order":0,"comment_status":"closed","ping_status":"closed","template":"full-width-page.php","meta":{"footnotes":""},"class_list":["post-96","page","type-page","status-publish","hentry"],"_links":{"self":[{"href":"https:\/\/gasthaus-hansi.at\/index.php?rest_route=\/wp\/v2\/pages\/96","targetHints":{"allow":["GET"]}}],"collection":[{"href":"https:\/\/gasthaus-hansi.at\/index.php?rest_route=\/wp\/v2\/pages"}],"about":[{"href":"https:\/\/gasthaus-hansi.at\/index.php?rest_route=\/wp\/v2\/types\/page"}],"author":[{"embeddable":true,"href":"https:\/\/gasthaus-hansi.at\/index.php?rest_route=\/wp\/v2\/users\/1"}],"replies":[{"embeddable":true,"href":"https:\/\/gasthaus-hansi.at\/index.php?rest_route=%2Fwp%2Fv2%2Fcomments&post=96"}],"version-history":[{"count":69,"href":"https:\/\/gasthaus-hansi.at\/index.php?rest_route=\/wp\/v2\/pages\/96\/revisions"}],"predecessor-version":[{"id":3147,"href":"https:\/\/gasthaus-hansi.at\/index.php?rest_route=\/wp\/v2\/pages\/96\/revisions\/3147"}],"wp:attachment":[{"href":"https:\/\/gasthaus-hansi.at\/index.php?rest_route=%2Fwp%2Fv2%2Fmedia&parent=96"}],"curies":[{"name":"wp","href":"https:\/\/api.w.org\/{rel}","templated":true}]}}