{"id":186,"date":"2014-10-24T13:45:08","date_gmt":"2014-10-24T11:45:08","guid":{"rendered":"http:\/\/gasthaus-hansi.at\/wp\/?page_id=186"},"modified":"2023-03-13T13:52:27","modified_gmt":"2023-03-13T11:52:27","slug":"getraenke","status":"publish","type":"page","link":"https:\/\/gasthaus-hansi.at\/?page_id=186","title":{"rendered":"Getr\u00e4nke"},"content":{"rendered":"<p><script>\/\/ <![CDATA[\nvar node_fb= document.getElementById(\"soc-icon-fb\");    node_fb.setAttribute('href','https:\/\/www.facebook.com\/gasthaushansi83\/?fref=ts');    node_fb.setAttribute('title','https:\/\/www.facebook.com\/gasthaushansi83\/?fref=ts');    var node_em= document.getElementById(\"soc-icon-em\");    node_em.setAttribute('href','mailto:gasthaus-hansi@gmx.at');    node_em.setAttribute('title','mailto:gasthaus-hansi@gmx.at');\n\/\/ ]]><\/script><br \/>\n<a id=\"bier\"><\/a><\/p>\n<p style=\"text-align: center; background-color: rgba(236,238,251,1);\"><strong>Bier vom Fass<\/strong><\/p>\n\n<table id=\"tablepress-21\" class=\"tablepress tablepress-id-21\">\n<tbody class=\"row-striping\">\n<tr class=\"row-1\">\n\t<td class=\"column-1\"><strong>Ottakringer Helles<\/strong><\/td><td class=\"column-2\">0,5 l<\/td><td class=\"column-3\">\u20ac 5,10<\/td>\n<\/tr>\n<tr class=\"row-2\">\n\t<td class=\"column-1\"><\/td><td class=\"column-2\">0,3 l<\/td><td class=\"column-3\">\u20ac 4,-<\/td>\n<\/tr>\n<tr class=\"row-3\">\n\t<td class=\"column-1\"><\/td><td class=\"column-2\">0,2 l<\/td><td class=\"column-3\">\u20ac 3,40<\/td>\n<\/tr>\n<tr class=\"row-4\">\n\t<td class=\"column-1\"><strong>Ottakringer Zwickl Rot<\/strong><\/td><td class=\"column-2\">0,5 l<\/td><td class=\"column-3\">\u20ac 5,20<\/td>\n<\/tr>\n<tr class=\"row-5\">\n\t<td class=\"column-1\"><\/td><td class=\"column-2\">0,3 l<\/td><td class=\"column-3\">\u20ac 4,20<\/td>\n<\/tr>\n<tr class=\"row-6\">\n\t<td class=\"column-1\"><\/td><td class=\"column-2\">0,2 l<\/td><td class=\"column-3\">\u20ac 3,50<\/td>\n<\/tr>\n<tr class=\"row-7\">\n\t<td class=\"column-1\"><strong>Wieselburger<\/strong><br \/>\n<\/td><td class=\"column-2\">Fl. 0,5 l<\/td><td class=\"column-3\">\u20ac 5,10<\/td>\n<\/tr>\n<tr class=\"row-8\">\n\t<td class=\"column-1\"><strong>Budweiser<\/strong><br \/>\n<\/td><td class=\"column-2\">Fl. 0,5 l<\/td><td class=\"column-3\">\u20ac 5,10<\/td>\n<\/tr>\n<tr class=\"row-9\">\n\t<td class=\"column-1\"><strong>Paulaner<\/strong><br \/>\nHefe Wei\u00dfbier Hell<\/td><td class=\"column-2\">Fl. 0,5 l<\/td><td class=\"column-3\">\u20ac 5,30<\/td>\n<\/tr>\n<tr class=\"row-10\">\n\t<td class=\"column-1\"><strong>Ottakringer Radler <\/strong><br \/>\nCitrus<\/td><td class=\"column-2\">Fl. 0,5 l<\/td><td class=\"column-3\">\u20ac 5,10<\/td>\n<\/tr>\n<tr class=\"row-11\">\n\t<td class=\"column-1\"><strong>Null , Josef<\/strong><\/td><td class=\"column-2\">Fl. 0,5 l<\/td><td class=\"column-3\">\u20ac 5,10<\/td>\n<\/tr>\n<\/tbody>\n<\/table>\n<!-- #tablepress-21 from cache -->\n<p><a id=\"alkoholfrei\"><\/a><\/p>\n<p style=\"text-align: center; background-color: rgba(236,238,251,1);\"><strong>Alkoholfrei<\/strong><\/p>\n\n<table id=\"tablepress-20\" class=\"tablepress tablepress-id-20\">\n<tbody class=\"row-striping\">\n<tr class=\"row-1\">\n\t<td class=\"column-1\"><strong>Coca Cola Zero **<\/strong><\/td><td class=\"column-2\">Fl. 0,33 l<\/td><td class=\"column-3\">\u20ac 3,90<\/td>\n<\/tr>\n<tr class=\"row-2\">\n\t<td class=\"column-1\"><strong>Frucade<\/strong><\/td><td class=\"column-2\">Fl. 0,33 l<\/td><td class=\"column-3\">\u20ac 3,90<\/td>\n<\/tr>\n<tr class=\"row-3\">\n\t<td class=\"column-1\"><strong>Rauch Eistee <\/strong><br \/>\nPfirsich \/ Zitrone<\/td><td class=\"column-2\">Fl. 0,33 l<\/td><td class=\"column-3\">\u20ac 3,90<\/td>\n<\/tr>\n<tr class=\"row-4\">\n\t<td class=\"column-1\"><strong>Rauch<\/strong><br \/>\nErdbeere \/ Multivitamin<\/td><td class=\"column-2\">Fl. 0,20 l<\/td><td class=\"column-3\">\u20ac 3,70<\/td>\n<\/tr>\n<tr class=\"row-5\">\n\t<td class=\"column-1\"><strong>V\u00f6slauer<\/strong><br \/>\nPrickelnd \/ Still<\/td><td class=\"column-2\">Fl. 0,33 l<\/td><td class=\"column-3\">\u20ac 3,20<\/td>\n<\/tr>\n<tr class=\"row-6\">\n\t<td class=\"column-1\"><strong>Almdudler<\/strong><\/td><td class=\"column-2\">0,25 l<\/td><td class=\"column-3\">\u20ac 3,-<\/td>\n<\/tr>\n<tr class=\"row-7\">\n\t<td class=\"column-1\"><strong>Coca Cola<\/strong><\/td><td class=\"column-2\">0,25 l<\/td><td class=\"column-3\">\u20ac 3,-<\/td>\n<\/tr>\n<tr class=\"row-8\">\n\t<td class=\"column-1\"><strong>Apfelsaft<\/strong><\/td><td class=\"column-2\">0,25 l<\/td><td class=\"column-3\">\u20ac 3,-<\/td>\n<\/tr>\n<tr class=\"row-9\">\n\t<td class=\"column-1\"><strong>Orangensaft<\/strong><\/td><td class=\"column-2\">0,25 l<\/td><td class=\"column-3\">\u20ac 3,-<\/td>\n<\/tr>\n<tr class=\"row-10\">\n\t<td class=\"column-1\"><strong># Sodawasser<\/strong><\/td><td class=\"column-2\">0,25 l<\/td><td class=\"column-3\">\u20ac 1,30<\/td>\n<\/tr>\n<tr class=\"row-11\">\n\t<td class=\"column-1\"><strong># Soda Zitrone<\/strong><\/td><td class=\"column-2\">0,25 l<\/td><td class=\"column-3\">\u20ac 1,80<\/td>\n<\/tr>\n<tr class=\"row-12\">\n\t<td class=\"column-1\"><strong># Soda Himbeere<\/strong><\/td><td class=\"column-2\">0,25 l<\/td><td class=\"column-3\">\u20ac 1,80<\/td>\n<\/tr>\n<tr class=\"row-13\">\n\t<td class=\"column-1\"><strong># Soda Holunder<\/strong><\/td><td class=\"column-2\">0,25 l<\/td><td class=\"column-3\">\u20ac 1,80<\/td>\n<\/tr>\n<tr class=\"row-14\">\n\t<td class=\"column-1\"><strong># Wasser Zitrone<\/strong><\/td><td class=\"column-2\">0,25 l<\/td><td class=\"column-3\">\u20ac 1,60<\/td>\n<\/tr>\n<tr class=\"row-15\">\n\t<td class=\"column-1\"><strong># Wasser Himbeere<\/strong><\/td><td class=\"column-2\">0,25 l<\/td><td class=\"column-3\">\u20ac 1,60<\/td>\n<\/tr>\n<tr class=\"row-16\">\n\t<td class=\"column-1\"><strong># Wasser Holunder<\/strong><\/td><td class=\"column-2\">0,25 l<\/td><td class=\"column-3\">\u20ac 1,60<\/td>\n<\/tr>\n<tr class=\"row-17\">\n\t<td class=\"column-1\"><strong>Roter Traubensaft<\/strong><\/td><td class=\"column-2\">0,25 l<\/td><td class=\"column-3\">\u20ac 3,00<\/td>\n<\/tr>\n<tr class=\"row-18\">\n\t<td class=\"column-1\"><strong>Red Bull<\/strong><\/td><td class=\"column-2\">Dose 0,25 l<\/td><td class=\"column-3\">\u20ac 3,90<\/td>\n<\/tr>\n<tr class=\"row-19\">\n\t<td class=\"column-1\"><strong>Leitungswasser<\/strong><br \/>\n(gilt nur zum Mittagsmen\u00fc au\u00dfer als Beigetr\u00e4nk)<\/td><td class=\"column-2\">0,50 l<\/td><td class=\"column-3\">\u20ac 1,00<\/td>\n<\/tr>\n<tr class=\"row-20\">\n\t<td class=\"column-1\">** Aspartam Acesulfamsalz - # Jugendgetr\u00e4nk<\/td><td class=\"column-2\"><\/td><td class=\"column-3\"><\/td>\n<\/tr>\n<\/tbody>\n<\/table>\n<!-- #tablepress-20 from cache -->\n<p><a id=\"heisses\"><\/a><\/p>\n<p style=\"text-align: center; background-color: rgba(236,238,251,1);\"><strong>Hei\u00dfes<\/strong><\/p>\n\n<table id=\"tablepress-23\" class=\"tablepress tablepress-id-23\">\n<tbody class=\"row-striping\">\n<tr class=\"row-1\">\n\t<td class=\"column-1\"><strong>Cafe Latte<\/strong><\/td><td class=\"column-2\"><\/td><td class=\"column-3\">\u20ac 4,90<\/td>\n<\/tr>\n<tr class=\"row-2\">\n\t<td class=\"column-1\"><strong>Wiener Melange<\/strong><\/td><td class=\"column-2\"><\/td><td class=\"column-3\">\u20ac 3,90<\/td>\n<\/tr>\n<tr class=\"row-3\">\n\t<td class=\"column-1\"><strong>Cappuccino<\/strong><\/td><td class=\"column-2\"><\/td><td class=\"column-3\">\u20ac 4,40<\/td>\n<\/tr>\n<tr class=\"row-4\">\n\t<td class=\"column-1\"><strong>Kleiner Mocca<\/strong><\/td><td class=\"column-2\"><\/td><td class=\"column-3\">\u20ac 2,80<\/td>\n<\/tr>\n<tr class=\"row-5\">\n\t<td class=\"column-1\"><strong>Gro\u00dfer Mocca<\/strong><\/td><td class=\"column-2\"><\/td><td class=\"column-3\">\u20ac 4,80<\/td>\n<\/tr>\n<tr class=\"row-6\">\n\t<td class=\"column-1\"><strong>Kleiner Brauner<\/strong><\/td><td class=\"column-2\"><\/td><td class=\"column-3\">\u20ac 2,80<\/td>\n<\/tr>\n<tr class=\"row-7\">\n\t<td class=\"column-1\"><strong>Gro\u00dfer Brauner<\/strong><\/td><td class=\"column-2\"><\/td><td class=\"column-3\">\u20ac 4,80<\/td>\n<\/tr>\n<tr class=\"row-8\">\n\t<td class=\"column-1\"><strong>Verl\u00e4ngerter Schwarz<\/strong><\/td><td class=\"column-2\"><\/td><td class=\"column-3\">\u20ac 3,80<\/td>\n<\/tr>\n<tr class=\"row-9\">\n\t<td class=\"column-1\"><strong>Verl\u00e4ngerter Braun<\/strong><\/td><td class=\"column-2\"><\/td><td class=\"column-3\">\u20ac 3,80<\/td>\n<\/tr>\n<tr class=\"row-10\">\n\t<td class=\"column-1\"><strong>Hei\u00dfe Schokolade<\/strong><br \/>\nmit Schlagobers<\/td><td class=\"column-2\"><\/td><td class=\"column-3\">\u20ac 4,70<\/td>\n<\/tr>\n<tr class=\"row-11\">\n\t<td class=\"column-1\"><strong>Fr\u00fcchtetee\/Schwarztee\/Gr\u00fcntee<\/strong><\/td><td class=\"column-2\"><\/td><td class=\"column-3\">\u20ac 2,90<\/td>\n<\/tr>\n<tr class=\"row-12\">\n\t<td class=\"column-1\"><strong>Gl\u00fchwein Wei\u00df \/ Rot<\/strong><\/td><td class=\"column-2\"><\/td><td class=\"column-3\">\u20ac 4,70<\/td>\n<\/tr>\n<\/tbody>\n<\/table>\n<!-- #tablepress-23 from cache -->\n<p><a id=\"spirituosen\"><\/a><\/p>\n<p style=\"text-align: center; background-color: rgba(236,238,251,1);\"><strong>Spirituosen (2cl)<\/strong><\/p>\n\n<table id=\"tablepress-24\" class=\"tablepress tablepress-id-24\">\n<tbody class=\"row-striping\">\n<tr class=\"row-1\">\n\t<td class=\"column-1\"><strong>Marille<\/strong><\/td><td class=\"column-2\"><\/td><td class=\"column-3\">\u20ac 3,50<\/td>\n<\/tr>\n<tr class=\"row-2\">\n\t<td class=\"column-1\"><strong>Birne<\/strong><\/td><td class=\"column-2\"><\/td><td class=\"column-3\">\u20ac 3,50<\/td>\n<\/tr>\n<tr class=\"row-3\">\n\t<td class=\"column-1\"><strong>Himbeergeist<\/strong><\/td><td class=\"column-2\"><\/td><td class=\"column-3\">\u20ac 3,50<\/td>\n<\/tr>\n<tr class=\"row-4\">\n\t<td class=\"column-1\"><strong>Obstler<\/strong><\/td><td class=\"column-2\"><\/td><td class=\"column-3\">\u20ac 3,50<\/td>\n<\/tr>\n<tr class=\"row-5\">\n\t<td class=\"column-1\"><strong>Vodka<\/strong><\/td><td class=\"column-2\"><\/td><td class=\"column-3\">\u20ac 3,50<\/td>\n<\/tr>\n<tr class=\"row-6\">\n\t<td class=\"column-1\"><strong>Tequila<\/strong><\/td><td class=\"column-2\"><\/td><td class=\"column-3\">\u20ac 3,50<\/td>\n<\/tr>\n<tr class=\"row-7\">\n\t<td class=\"column-1\"><strong>Rum<\/strong><\/td><td class=\"column-2\"><\/td><td class=\"column-3\">\u20ac 2,20<\/td>\n<\/tr>\n<tr class=\"row-8\">\n\t<td class=\"column-1\"><strong>Bacardi<\/strong><\/td><td class=\"column-2\"><\/td><td class=\"column-3\">\u20ac 3,50<\/td>\n<\/tr>\n<tr class=\"row-9\">\n\t<td class=\"column-1\"><strong>Bacardi Cola<\/strong><\/td><td class=\"column-2\"><\/td><td class=\"column-3\">\u20ac 3,80<\/td>\n<\/tr>\n<tr class=\"row-10\">\n\t<td class=\"column-1\"><strong>Whisky<\/strong><\/td><td class=\"column-2\"><\/td><td class=\"column-3\">\u20ac 3,50<\/td>\n<\/tr>\n<tr class=\"row-11\">\n\t<td class=\"column-1\"><strong>Whisky Cola<\/strong><\/td><td class=\"column-2\"><\/td><td class=\"column-3\">\u20ac 3,80<\/td>\n<\/tr>\n<tr class=\"row-12\">\n\t<td class=\"column-1\"><strong>Fl. J\u00e4germeister<\/strong><\/td><td class=\"column-2\"><\/td><td class=\"column-3\">\u20ac 3,50<\/td>\n<\/tr>\n<tr class=\"row-13\">\n\t<td class=\"column-1\"><strong>Berliner Luft<\/strong><\/td><td class=\"column-2\"><\/td><td class=\"column-3\">\u20ac 3,50<\/td>\n<\/tr>\n<tr class=\"row-14\">\n\t<td class=\"column-1\"><strong>Captain Morgan<\/strong><\/td><td class=\"column-2\"><\/td><td class=\"column-3\">\u20ac 3,50<\/td>\n<\/tr>\n<tr class=\"row-15\">\n\t<td class=\"column-1\"><strong>Captain Morgan Cola<\/strong><\/td><td class=\"column-2\"><\/td><td class=\"column-3\">\u20ac 3,80<\/td>\n<\/tr>\n<tr class=\"row-16\">\n\t<td class=\"column-1\"><strong>Zirben<\/strong><\/td><td class=\"column-2\"><\/td><td class=\"column-3\">\u20ac 3,50<\/td>\n<\/tr>\n<\/tbody>\n<\/table>\n<!-- #tablepress-24 from cache -->\n<p><a id=\"weineoffen\"><\/a><\/p>\n<p style=\"text-align: center; background-color: rgba(236,238,251,1);\"><strong>Weine offen<\/strong><\/p>\n\n<table id=\"tablepress-22\" class=\"tablepress tablepress-id-22\">\n<tbody class=\"row-striping\">\n<tr class=\"row-1\">\n\t<td class=\"column-1\"><strong><u>Wei\u00df<\/u><\/strong><\/td><td class=\"column-2\"><\/td><td class=\"column-3\"><\/td>\n<\/tr>\n<tr class=\"row-2\">\n\t<td class=\"column-1\">Gr\u00fcner Veltliner<\/td><td class=\"column-2\">1\/8 l<\/td><td class=\"column-3\">\u20ac 2,30<\/td>\n<\/tr>\n<tr class=\"row-3\">\n\t<td class=\"column-1\">Chardonnay<\/td><td class=\"column-2\">1\/8 l<\/td><td class=\"column-3\">\u20ac 3,60<\/td>\n<\/tr>\n<tr class=\"row-4\">\n\t<td class=\"column-1\">Gemischter Satz<\/td><td class=\"column-2\">1\/8 l<\/td><td class=\"column-3\">\u20ac 3,60<\/td>\n<\/tr>\n<tr class=\"row-5\">\n\t<td class=\"column-1\">Roter Veltliner<\/td><td class=\"column-2\">1\/8 l<\/td><td class=\"column-3\">\u20ac 3,60<\/td>\n<\/tr>\n<tr class=\"row-6\">\n\t<td class=\"column-1\">Welschrie\u00dfling<\/td><td class=\"column-2\">1\/8 l<\/td><td class=\"column-3\">\u20ac 2,30<\/td>\n<\/tr>\n<tr class=\"row-7\">\n\t<td class=\"column-1\"><\/td><td class=\"column-2\"><\/td><td class=\"column-3\"><\/td>\n<\/tr>\n<tr class=\"row-8\">\n\t<td class=\"column-1\"><\/td><td class=\"column-2\"><\/td><td class=\"column-3\"><\/td>\n<\/tr>\n<tr class=\"row-9\">\n\t<td class=\"column-1\"><strong><u>Rot<\/u><\/strong><\/td><td class=\"column-2\"><\/td><td class=\"column-3\"><\/td>\n<\/tr>\n<tr class=\"row-10\">\n\t<td class=\"column-1\">Blauer Zweigelt - Portugieser<\/td><td class=\"column-2\">1\/8 l<\/td><td class=\"column-3\">\u20ac 2,30<\/td>\n<\/tr>\n<tr class=\"row-11\">\n\t<td class=\"column-1\">Markowitsch Superiore<\/td><td class=\"column-2\">1\/8 l<\/td><td class=\"column-3\">\u20ac 3,90<\/td>\n<\/tr>\n<tr class=\"row-12\">\n\t<td class=\"column-1\">Merlot<\/td><td class=\"column-2\">1\/8 l<\/td><td class=\"column-3\">\u20ac 3,60<\/td>\n<\/tr>\n<tr class=\"row-13\">\n\t<td class=\"column-1\">Blauer Zweigelt<\/td><td class=\"column-2\">1\/8 l<\/td><td class=\"column-3\">\u20ac 3,20<\/td>\n<\/tr>\n<tr class=\"row-14\">\n\t<td class=\"column-1\"><\/td><td class=\"column-2\"><\/td><td class=\"column-3\"><\/td>\n<\/tr>\n<tr class=\"row-15\">\n\t<td class=\"column-1\"><\/td><td class=\"column-2\"><\/td><td class=\"column-3\"><\/td>\n<\/tr>\n<tr class=\"row-16\">\n\t<td class=\"column-1\"><strong><u>Rose<\/u><\/strong><\/td><td class=\"column-2\"><\/td><td class=\"column-3\"><\/td>\n<\/tr>\n<tr class=\"row-17\">\n\t<td class=\"column-1\">Zweigelt  Rose<\/td><td class=\"column-2\">1\/8 l<\/td><td class=\"column-3\">\u20ac 3,20<\/td>\n<\/tr>\n<tr class=\"row-18\">\n\t<td class=\"column-1\"><\/td><td class=\"column-2\"><\/td><td class=\"column-3\"><\/td>\n<\/tr>\n<tr class=\"row-19\">\n\t<td class=\"column-1\"><\/td><td class=\"column-2\"><\/td><td class=\"column-3\"><\/td>\n<\/tr>\n<\/tbody>\n<\/table>\n<!-- #tablepress-22 from cache -->\n<p><a id=\"gspritzte\"><\/a><\/p>\n<p style=\"text-align: center; background-color: rgba(236,238,251,1);\"><strong>G&#8217;spritzte<\/strong><\/p>\n\n<table id=\"tablepress-57\" class=\"tablepress tablepress-id-57\">\n<tbody class=\"row-striping\">\n<tr class=\"row-1\">\n\t<td class=\"column-1\"><strong>Wei\u00df oder Rot<\/strong><\/td><td class=\"column-2\">1\/4 l<\/td><td class=\"column-3\">\u20ac 2,90<\/td>\n<\/tr>\n<tr class=\"row-2\">\n\t<td class=\"column-1\"><strong>Sommer Wei\u00df oder Rot<\/strong><\/td><td class=\"column-2\">0,3 l<\/td><td class=\"column-3\">\u20ac 3,30<\/td>\n<\/tr>\n<tr class=\"row-3\">\n\t<td class=\"column-1\"><strong>Hochsommer Wei\u00df oder Rot<\/strong><\/td><td class=\"column-2\">0,5 l<\/td><td class=\"column-3\">\u20ac 3,90<\/td>\n<\/tr>\n<tr class=\"row-4\">\n\t<td class=\"column-1\"><strong>Pfirsich<\/strong><\/td><td class=\"column-2\">1\/4 l<\/td><td class=\"column-3\">\u20ac 3,40<\/td>\n<\/tr>\n<tr class=\"row-5\">\n\t<td class=\"column-1\"><strong>Kaiser\/Holunder<\/strong><\/td><td class=\"column-2\">1\/4 l<\/td><td class=\"column-3\">\u20ac 3,30<\/td>\n<\/tr>\n<tr class=\"row-6\">\n\t<td class=\"column-1\"><strong>Aperol<\/strong><\/td><td class=\"column-2\">1\/4 l<\/td><td class=\"column-3\">\u20ac 4,20<\/td>\n<\/tr>\n<tr class=\"row-7\">\n\t<td class=\"column-1\"><strong>Veilchenspritzer<\/strong><\/td><td class=\"column-2\">1\/4 l<\/td><td class=\"column-3\">\u20ac 3,90<\/td>\n<\/tr>\n<tr class=\"row-8\">\n\t<td class=\"column-1\"><strong>Erdbeerspritzer<\/strong><\/td><td class=\"column-2\">1\/4 l<\/td><td class=\"column-3\">\u20ac 3,90<\/td>\n<\/tr>\n<tr class=\"row-9\">\n\t<td class=\"column-1\"><strong>Melonenspritzer<\/strong><\/td><td class=\"column-2\">1\/4 l<\/td><td class=\"column-3\">\u20ac 3,90<\/td>\n<\/tr>\n<tr class=\"row-10\">\n\t<td class=\"column-1\"><strong>Beerenspritzer<\/strong><\/td><td class=\"column-2\">1\/4 l<\/td><td class=\"column-3\">\u20ac 3,90<\/td>\n<\/tr>\n<tr class=\"row-11\">\n\t<td class=\"column-1\"><strong>Hugo<\/strong><\/td><td class=\"column-2\">0,2 l<\/td><td class=\"column-3\">\u20ac 3,30<\/td>\n<\/tr>\n<\/tbody>\n<\/table>\n<!-- #tablepress-57 from cache -->\n<p><a id=\"weissweine\"><\/a><\/p>\n<p style=\"text-align: center; background-color: rgba(236,238,251,1);\"><strong>Wei\u00dfweine<\/strong><\/p>\n\n<table id=\"tablepress-25\" class=\"tablepress tablepress-id-25\">\n<tbody class=\"row-striping\">\n<tr class=\"row-1\">\n\t<td class=\"column-1\"><strong>Chardonnay<\/strong><br \/>\n12,5 % Vol.<br \/>\nMittleres Gr\u00fcngelb, in der Nase feine Aromen, zart nach Mandarinen und Bananen, angenehme S\u00fc\u00dfe im Bouquet, am Gaumen sehr elegant, geschmeidiger Stil, feine Fruchts\u00fc\u00dfe im Kern, vielseitiger Speisenbegleiter. Er gewinnt mit zunehmender Flaschenreife noch an Niveau.<\/td><td class=\"column-2\">Flasche 0,75 l<\/td><td class=\"column-3\">\u20ac 21,60<\/td>\n<\/tr>\n<\/tbody>\n<\/table>\n<!-- #tablepress-25 from cache -->\n<p><a id=\"rotweine\"><\/a><\/p>\n<p style=\"text-align: center; background-color: rgba(236,238,251,1);\"><strong>Rotweine<\/strong><\/p>\n\n<table id=\"tablepress-26\" class=\"tablepress tablepress-id-26\">\n<tbody class=\"row-striping\">\n<tr class=\"row-1\">\n\t<td class=\"column-1\"><strong>Marko Superiore<\/strong><br \/>\n12,5 % Vol.<br \/>\nWeingut Markowitsch<br \/>\nVoller kr\u00e4ftiger Rotwein mit vollem K\u00f6rper<\/td><td class=\"column-2\">Flasche 0,75 l<br \/>\n<\/td><td class=\"column-3\">\u20ac 22,80<\/td>\n<\/tr>\n<tr class=\"row-2\">\n\t<td class=\"column-1\"><strong>Merlot<\/strong><br \/>\n12,5 % Vol.<br \/>\nVeneto<br \/>\nGl\u00e4nzendes schwarzrot, grasig fruchtiges Bouquet<\/td><td class=\"column-2\">Flasche 0,75 l<\/td><td class=\"column-3\">\u20ac 21,60<\/td>\n<\/tr>\n<tr class=\"row-3\">\n\t<td class=\"column-1\"><strong>Blauer Zweigelt<\/strong><br \/>\n13,5 % Vol.<br \/>\nWeingut \u00dcberacker<\/td><td class=\"column-2\">Flasche 1,00 l<\/td><td class=\"column-3\">\u20ac 25,60<\/td>\n<\/tr>\n<\/tbody>\n<\/table>\n<!-- #tablepress-26 from cache -->\n<p><a id=\"champagner\"><\/a><\/p>\n<p style=\"text-align: center; background-color: rgba(236,238,251,1);\"><strong>Schaumweine<\/strong><\/p>\n\n<table id=\"tablepress-28\" class=\"tablepress tablepress-id-28\">\n<tbody class=\"row-striping\">\n<tr class=\"row-1\">\n\t<td class=\"column-1\"><img decoding=\"async\" src=\"\/wp\/wp-content\/uploads\/henkel.jpg\" alt=\"Henkel Sekt\" \/wp><\/td><td class=\"column-2\"><\/td><td class=\"column-3\"><\/td>\n<\/tr>\n<tr class=\"row-2\">\n\t<td class=\"column-1\"><strong>Henkel trocken<\/strong><\/td><td class=\"column-2\">Flasche 0,75 l<\/td><td class=\"column-3\">\u20ac 22,90<\/td>\n<\/tr>\n<tr class=\"row-3\">\n\t<td class=\"column-1\"><\/td><td class=\"column-2\">Piccolo 0,2 l<\/td><td class=\"column-3\">\u20ac 9,70<\/td>\n<\/tr>\n<tr class=\"row-4\">\n\t<td class=\"column-1\"><strong>Martini Asti<\/strong><\/td><td class=\"column-2\">Flasche 0,75 l<\/td><td class=\"column-3\">\u20ac 22,90<\/td>\n<\/tr>\n<\/tbody>\n<\/table>\n<!-- #tablepress-28 from cache -->\n<p style=\"text-align: center;\">Alle Preise inkl. aller Abgaben<\/p>\n","protected":false},"excerpt":{"rendered":"<p>Bier vom Fass Alkoholfrei Hei\u00dfes Spirituosen (2cl) Weine offen G&#8217;spritzte Wei\u00dfweine Rotweine Schaumweine Alle Preise inkl. aller Abgaben<\/p>\n","protected":false},"author":1,"featured_media":0,"parent":0,"menu_order":0,"comment_status":"closed","ping_status":"closed","template":"","meta":{"footnotes":""},"class_list":["post-186","page","type-page","status-publish","hentry"],"_links":{"self":[{"href":"https:\/\/gasthaus-hansi.at\/index.php?rest_route=\/wp\/v2\/pages\/186","targetHints":{"allow":["GET"]}}],"collection":[{"href":"https:\/\/gasthaus-hansi.at\/index.php?rest_route=\/wp\/v2\/pages"}],"about":[{"href":"https:\/\/gasthaus-hansi.at\/index.php?rest_route=\/wp\/v2\/types\/page"}],"author":[{"embeddable":true,"href":"https:\/\/gasthaus-hansi.at\/index.php?rest_route=\/wp\/v2\/users\/1"}],"replies":[{"embeddable":true,"href":"https:\/\/gasthaus-hansi.at\/index.php?rest_route=%2Fwp%2Fv2%2Fcomments&post=186"}],"version-history":[{"count":27,"href":"https:\/\/gasthaus-hansi.at\/index.php?rest_route=\/wp\/v2\/pages\/186\/revisions"}],"predecessor-version":[{"id":3059,"href":"https:\/\/gasthaus-hansi.at\/index.php?rest_route=\/wp\/v2\/pages\/186\/revisions\/3059"}],"wp:attachment":[{"href":"https:\/\/gasthaus-hansi.at\/index.php?rest_route=%2Fwp%2Fv2%2Fmedia&parent=186"}],"curies":[{"name":"wp","href":"https:\/\/api.w.org\/{rel}","templated":true}]}}